{"id":430,"date":"2017-11-09T12:07:20","date_gmt":"2017-11-09T12:07:20","guid":{"rendered":"http:\/\/territorisvius.upc.edu\/?page_id=430"},"modified":"2017-11-16T10:19:04","modified_gmt":"2017-11-16T10:19:04","slug":"saltvs%c2%b7ivgervm","status":"publish","type":"page","link":"https:\/\/territorisvius.upc.edu\/?page_id=430","title":{"rendered":"SALTVS\u00b7IVGERVM"},"content":{"rendered":"<p>Davant d\u2019un projecte com Saltvs Ivgervm, \u00e9s probable que l\u2019expectativa d\u2019una proposta art\u00edstica ens faci lliscar fins a una sensaci\u00f3 de confusi\u00f3. El que tindrem davant, potser aparentment inconnex, sembla que se\u2019ns revela com un trencaclosques ple de refer\u00e8ncies que s\u2019associen a camps diversos: el de l\u2019agricultura, la hist\u00f2ria, la llengua, l\u2019art, el pensament etc. No podem obviar, doncs, el car\u00e0cter multidisciplinari que t\u00e9 la proposta d\u2019en Pere Bell\u00e8s, amb una traject\u00f2ria molt marcada pel component formal de la seva obra, per\u00f2 alhora, i cada cop m\u00e9s, per una voluntat de trobar maneres de fer extensiu all\u00f2 purament art\u00edstic a d\u2019altres mirades que se\u2019n puguin enriquir i amb les quals enriquir-se.<\/p>\n<p><img loading=\"lazy\" decoding=\"async\" class=\"alignnone size-medium wp-image-462\" src=\"http:\/\/territorisvius.upc.edu\/wp-content\/uploads\/2017\/11\/comprrrrrr.jpg\" alt=\"\" width=\"300\" height=\"227\" \/>\u00a0 \u00a0 \u00a0 \u00a0\u00a0<img loading=\"lazy\" decoding=\"async\" class=\"alignnone size-medium wp-image-461\" src=\"http:\/\/territorisvius.upc.edu\/wp-content\/uploads\/2017\/11\/comprimidaaa.jpg\" alt=\"\" width=\"300\" height=\"157\" \/><\/p>\n<p><em>Un projecte espec\u00edfic per a Les Bernardes que ha durat dos anys i ha consistit a donar valor a l\u2019hort familiar com a sistema de subsist\u00e8ncia, tal com ja es feia a l\u2019\u00e8poca romana, fa dos mil anys, per\u00f2 adaptant-lo a la realitat actual de Salt. Durant el projecte desenvolupat i documentat per Bell\u00e8s, dues persones han conreat el camp i han produ\u00eft 8.000 quilos de verdures, que poden alimentar una vintena de fam\u00edlies, per demostrar que \u00e9s possible viure amb un tros de terra en temps de crisi. El iugerum era la terra que rebien els legionaris romans despr\u00e9s de llicenciar-se, per fer-hi un hort, en una superf\u00edcie de 2.523 m\u00b2\u2026..\u00a0\u00a0<\/em><em>PUNT AVUI- Cultura 8 setembre 2017<\/em><\/p>\n<div class=\"aio-icon-header\">\n<p class=\"aio-icon-title ult-responsive\" data-ultimate-target=\"#Info-box-wrap-7743 .aio-icon-title\" data-responsive-json-new=\"{&quot;font-size&quot;:&quot;&quot;,&quot;line-height&quot;:&quot;&quot;}\">Dates: Del 8 de setembre al 28 d\u2019octubre de 2017 al Laboratori \u2013 Sala Sant Jordi, Casa de Cultura del Giron\u00e8s, Les Bernardes.<\/p>\n<\/div>\n<p>M\u00e9s nformaci\u00f3 : <a href=\"http:\/\/bernardes.cat\/saltvs-ivgervm-pere-belles\/\">Casa de cultura de Salt, Les Bernardes\u00a0<\/a><\/p>\n<p>&nbsp;<\/p>\n","protected":false},"excerpt":{"rendered":"<p>Davant d\u2019un projecte com Saltvs Ivgervm, \u00e9s probable que l\u2019expectativa d\u2019una proposta art\u00edstica ens faci lliscar fins a una sensaci\u00f3 de confusi\u00f3. El que tindrem davant, potser aparentment inconnex, sembla que se\u2019ns revela com un trencaclosques ple de refer\u00e8ncies que s\u2019associen a camps diversos: el de l\u2019agricultura, la hist\u00f2ria, la llengua, l\u2019art, el pensament etc. &hellip; <\/p>\n<p class=\"link-more\"><a href=\"https:\/\/territorisvius.upc.edu\/?page_id=430\" class=\"read-more\"><span class=\"screen-reader-text\">SALTVS\u00b7IVGERVM<\/span><\/a><\/p>\n","protected":false},"author":5,"featured_media":458,"parent":409,"menu_order":3,"comment_status":"closed","ping_status":"closed","template":"","meta":{"footnotes":""},"class_list":["post-430","page","type-page","status-publish","has-post-thumbnail","hentry"],"_links":{"self":[{"href":"https:\/\/territorisvius.upc.edu\/index.php?rest_route=\/wp\/v2\/pages\/430","targetHints":{"allow":["GET"]}}],"collection":[{"href":"https:\/\/territorisvius.upc.edu\/index.php?rest_route=\/wp\/v2\/pages"}],"about":[{"href":"https:\/\/territorisvius.upc.edu\/index.php?rest_route=\/wp\/v2\/types\/page"}],"author":[{"embeddable":true,"href":"https:\/\/territorisvius.upc.edu\/index.php?rest_route=\/wp\/v2\/users\/5"}],"replies":[{"embeddable":true,"href":"https:\/\/territorisvius.upc.edu\/index.php?rest_route=%2Fwp%2Fv2%2Fcomments&post=430"}],"version-history":[{"count":4,"href":"https:\/\/territorisvius.upc.edu\/index.php?rest_route=\/wp\/v2\/pages\/430\/revisions"}],"predecessor-version":[{"id":469,"href":"https:\/\/territorisvius.upc.edu\/index.php?rest_route=\/wp\/v2\/pages\/430\/revisions\/469"}],"up":[{"embeddable":true,"href":"https:\/\/territorisvius.upc.edu\/index.php?rest_route=\/wp\/v2\/pages\/409"}],"wp:featuredmedia":[{"embeddable":true,"href":"https:\/\/territorisvius.upc.edu\/index.php?rest_route=\/wp\/v2\/media\/458"}],"wp:attachment":[{"href":"https:\/\/territorisvius.upc.edu\/index.php?rest_route=%2Fwp%2Fv2%2Fmedia&parent=430"}],"curies":[{"name":"wp","href":"https:\/\/api.w.org\/{rel}","templated":true}]}}