{"id":415,"date":"2017-11-09T12:10:09","date_gmt":"2017-11-09T12:10:09","guid":{"rendered":"http:\/\/territorisvius.upc.edu\/?page_id=415"},"modified":"2017-11-09T13:03:26","modified_gmt":"2017-11-09T13:03:26","slug":"can-batllo","status":"publish","type":"page","link":"https:\/\/territorisvius.upc.edu\/?page_id=415","title":{"rendered":"Can Batll\u00f3"},"content":{"rendered":"<p>La transformaci\u00f3 del recinte de Can Batll\u00f3 s\u2019activa a partir del juny de 2011, amb l\u2019entrada ve\u00efnal al recinte. La primera nau aconseguida \u00e9s el Bloc Onze. La seva rehabilitaci\u00f3, realitzada amb jornades de treball col\u00b7lectiu, dura m\u00e9s de dos anys. El primer espai habilitat \u00e9s la Biblioteca Popular Josep Pons. Posteriorment s\u2019han anat rehabilitant un bar i espai de trobada, un auditori, un roc\u00f2drom i diverses sales polivalents per a fer-hi activitats i tallers.<\/p>\n<blockquote><p>L\u2019autogesti\u00f3 del Bloc Onze al llarg dels primers anys legitima la Plataforma de Can Batll\u00f3 per demanar les cessi\u00f3 de m\u00e9s naus per a ubicar-hi nous projectes comunitaris.<\/p><\/blockquote>\n<p><img loading=\"lazy\" decoding=\"async\" class=\"wp-image-454 alignleft\" src=\"http:\/\/territorisvius.upc.edu\/wp-content\/uploads\/2017\/11\/FSDFSS.jpg\" alt=\"\" width=\"175\" height=\"241\" \/>Al llarg dels anys s\u2019han anat transformant m\u00e9s espais i s\u2019hi han anat ubicant nous usos: el taller d\u2019infraestructures, la fusteria, la impremta col\u00b7lectiva, el centre de documentaci\u00f3, espai familiar, l\u2019espai d\u2019arts, l\u2019espai d\u2019entrenament d\u2019arts esc\u00e8niques i circ. Altres projectes que formen part de la Plataforma, de m\u00e9s llarg recorregut i envergadura \u2013 la cooperativa d\u2019habitatges La Borda, el viver de cooperatives Co\u00f2polis i l\u2019escola Arc\u00e0dia \u2013 es van gestant per a poder-se ubicar a can Batll\u00f3.<\/p>\n<p>La relaci\u00f3 urbana dels carrers del recinte amb el barri tamb\u00e9 ha estat una conquesta aconseguida per la Plataforma, que ha lluitat des de l\u2019inici per a l\u2019obertura i permeabilitzaci\u00f3 del recinte. Amb la campanya \u2018A la primavera tirem el mur!\u2019, l\u2019abril de 2013 es va aconseguir enderrocar part del mur perimetral del recinte, i per tant, obrir el nou carrer Onze de Juny de 2011 de punta a punta, integrant-se com un carrer m\u00e9s a la trama urbana del barri. Des d\u2019aleshores, el carrer ha pres molta vida, i molta gent del barri el recorre, com havia estat possible als anys 80, quan el recinte, tot i la seva intensa activitat industrial, era obert i permeable.<\/p>\n<blockquote><p>El 2013 s\u2019inaugura, juntament amb el nou carrer, el primer hort i jard\u00ed comunitari (de 50m2), ubicats a la Pla\u00e7a de la Pelleria.<\/p><\/blockquote>\n<p><img loading=\"lazy\" decoding=\"async\" class=\"alignnone wp-image-445\" src=\"http:\/\/territorisvius.upc.edu\/wp-content\/uploads\/2017\/11\/IMG-20171109-WA0001.jpg\" alt=\"\" width=\"315\" height=\"177\" \/>\u00a0 \u00a0<img loading=\"lazy\" decoding=\"async\" class=\"alignnone wp-image-449\" src=\"http:\/\/territorisvius.upc.edu\/wp-content\/uploads\/2017\/11\/IMG-20171109-WA0014.jpg\" alt=\"\" width=\"307\" height=\"173\" \/><\/p>\n<p>Posteriorment, a la tardor 2014 els horts i jardins es van traslladar a una zona comunit\u00e0ria al tram mig del carrer Onze de Juny, al centre del recinte, ocupant actualment 300 m2.<\/p>\n<p>Des de la Plataforma tamb\u00e9 s\u2019ha desenvolupat un projecte per a la transformaci\u00f3 de l\u2019espai p\u00fablic d\u2019enfront el Bloc Onze. El projecte es basa en un enderroc parcial del Bloc 12, mantenint-ne la fa\u00e7ana i part de l\u2019estructura per tal de conservar el carrer i generar un espai p\u00fablic qualificat i amb forta identitat a trav\u00e9s del reconeixement i incorporaci\u00f3 del patrimoni. Des de la Plataforma s\u2019ha treballat i posat en crisi el projecte urban\u00edstic vigent, aportant propostes que reformulen la transformaci\u00f3. Actualment s\u2019est\u00e0 treballant per a fer una nova modificaci\u00f3 del Pla General Metropolit\u00e0 de l\u2019\u00e0mbit Can Batll\u00f3-Mag\u00f2ria, sota els seg\u00fcents criteris:<\/p>\n<ul>\n<li>Usos. Reconeixement dels projectes existents i incorporaci\u00f3 de nous usos sense perdre superf\u00edcie de zona verda.<\/li>\n<li>Rehabilitar. Fomentar la reutilitzaci\u00f3 de naus existents, minimitzant els enderrocs i la construcci\u00f3 d\u2019obra nova.<\/li>\n<li>\u00a0Connectivitat i espai lliure. Garantir una bona accessibilitat i connexi\u00f3 des del barri cap el recinte i el parc; un parc obert al barri.<\/li>\n<\/ul>\n<p><img loading=\"lazy\" decoding=\"async\" class=\"alignnone size-medium wp-image-452\" src=\"http:\/\/territorisvius.upc.edu\/wp-content\/uploads\/2017\/11\/IMG-20171109-WA0030.jpg\" alt=\"\" width=\"300\" height=\"169\" \/>\u00a0 \u00a0\u00a0<img loading=\"lazy\" decoding=\"async\" class=\"wp-image-453 alignnone\" src=\"http:\/\/territorisvius.upc.edu\/wp-content\/uploads\/2017\/11\/IMG-20171109-WA0009.jpg\" alt=\"\" width=\"303\" height=\"170\" \/><\/p>\n<p>Des del 2011 l\u2019Ajuntament nom\u00e9s ha constru\u00eft un els equipaments destinats a l\u2019\u00e0mbit de Can Batll\u00f3 i la Mag\u00f2ria: l\u2019\u00e0rea b\u00e0sica de Salut (CAP Bordeta-Mag\u00f2ria) en servei des de la tardor 2014.La construcci\u00f3 del parc encara est\u00e0 per fer. Despr\u00e9s d\u2019enderrocar algunes naus, durant el 2015-16 s\u2019ha desenvolupat una urbanitzaci\u00f3 infraestructural del recinte, passant canalitzacions i instal\u00b7lacions, i definint una trama de \u201ccamins verds\u201d vers el futur parc. La primavera 2016 a l\u2019anterior zona de p\u00e0rquing de vehicles al centre del recinte s\u2019han instal\u00b7lat pistes esportives de futbol, b\u00e0squet i voleibol provisionals. El p\u00e0rquing ha sigut traslladat a la zona sud del recinte, podent-hi accedir des de la Gran Via al reurbanitzat carrer Parcerisa.<\/p>\n<p>Per m\u00e9s informaci\u00f3:\u00a0\u00a0<a href=\"http:\/\/territori.scot.cat\/cat\/notices\/2011\/12\/transformaciO_urbana_de_can_batllO_barcelona_2968.php\">territori.scot.cat<\/a><\/p>\n","protected":false},"excerpt":{"rendered":"<p>La transformaci\u00f3 del recinte de Can Batll\u00f3 s\u2019activa a partir del juny de 2011, amb l\u2019entrada ve\u00efnal al recinte. La primera nau aconseguida \u00e9s el Bloc Onze. La seva rehabilitaci\u00f3, realitzada amb jornades de treball col\u00b7lectiu, dura m\u00e9s de dos anys. El primer espai habilitat \u00e9s la Biblioteca Popular Josep Pons. Posteriorment s\u2019han anat rehabilitant &hellip; <\/p>\n<p class=\"link-more\"><a href=\"https:\/\/territorisvius.upc.edu\/?page_id=415\" class=\"read-more\"><span class=\"screen-reader-text\">Can Batll\u00f3<\/span><\/a><\/p>\n","protected":false},"author":5,"featured_media":451,"parent":409,"menu_order":1,"comment_status":"closed","ping_status":"closed","template":"","meta":{"footnotes":""},"class_list":["post-415","page","type-page","status-publish","has-post-thumbnail","hentry"],"_links":{"self":[{"href":"https:\/\/territorisvius.upc.edu\/index.php?rest_route=\/wp\/v2\/pages\/415","targetHints":{"allow":["GET"]}}],"collection":[{"href":"https:\/\/territorisvius.upc.edu\/index.php?rest_route=\/wp\/v2\/pages"}],"about":[{"href":"https:\/\/territorisvius.upc.edu\/index.php?rest_route=\/wp\/v2\/types\/page"}],"author":[{"embeddable":true,"href":"https:\/\/territorisvius.upc.edu\/index.php?rest_route=\/wp\/v2\/users\/5"}],"replies":[{"embeddable":true,"href":"https:\/\/territorisvius.upc.edu\/index.php?rest_route=%2Fwp%2Fv2%2Fcomments&post=415"}],"version-history":[{"count":9,"href":"https:\/\/territorisvius.upc.edu\/index.php?rest_route=\/wp\/v2\/pages\/415\/revisions"}],"predecessor-version":[{"id":456,"href":"https:\/\/territorisvius.upc.edu\/index.php?rest_route=\/wp\/v2\/pages\/415\/revisions\/456"}],"up":[{"embeddable":true,"href":"https:\/\/territorisvius.upc.edu\/index.php?rest_route=\/wp\/v2\/pages\/409"}],"wp:featuredmedia":[{"embeddable":true,"href":"https:\/\/territorisvius.upc.edu\/index.php?rest_route=\/wp\/v2\/media\/451"}],"wp:attachment":[{"href":"https:\/\/territorisvius.upc.edu\/index.php?rest_route=%2Fwp%2Fv2%2Fmedia&parent=415"}],"curies":[{"name":"wp","href":"https:\/\/api.w.org\/{rel}","templated":true}]}}